{"id":17,"date":"2020-02-16T18:18:16","date_gmt":"2020-02-16T18:18:16","guid":{"rendered":"http:\/\/atelier-kraft.de\/?page_id=17"},"modified":"2026-04-07T08:32:01","modified_gmt":"2026-04-07T08:32:01","slug":"kurse","status":"publish","type":"page","link":"https:\/\/atelier-kraft.de\/?page_id=17","title":{"rendered":"Sommerakademie"},"content":{"rendered":"<p><div class=\"fusion-fullwidth fullwidth-box fusion-builder-row-1 fusion-flex-container nonhundred-percent-fullwidth non-hundred-percent-height-scrolling\" style=\"background-color: rgba(255,255,255,0);background-position: center center;background-repeat: no-repeat;border-width: 0px 0px 0px 0px;border-color:#e2e2e2;border-style:solid;\" ><div class=\"fusion-builder-row fusion-row fusion-flex-align-items-flex-start\" style=\"max-width:1248px;margin-left: calc(-4% \/ 2 );margin-right: calc(-4% \/ 2 );\"><div class=\"fusion-layout-column fusion_builder_column fusion-builder-column-0 fusion_builder_column_1_1 1_1 fusion-flex-column\"><div class=\"fusion-column-wrapper fusion-flex-justify-content-flex-start fusion-content-layout-column\" style=\"background-position:left top;background-repeat:no-repeat;-webkit-background-size:cover;-moz-background-size:cover;-o-background-size:cover;background-size:cover;padding: 0px 0px 0px 0px;\"><div class=\"fusion-text fusion-text-1\"><\/div><\/div><\/div><style type=\"text\/css\">.fusion-body .fusion-builder-column-0{width:100% !important;margin-top : 0px;margin-bottom : 20px;}.fusion-builder-column-0 > .fusion-column-wrapper {padding-top : 0px !important;padding-right : 0px !important;margin-right : 1.92%;padding-bottom : 0px !important;padding-left : 0px !important;margin-left : 1.92%;}@media only screen and (max-width:1024px) {.fusion-body .fusion-builder-column-0{width:100% !important;order : 0;}.fusion-builder-column-0 > .fusion-column-wrapper {margin-right : 1.92%;margin-left : 1.92%;}}@media only screen and (max-width:640px) {.fusion-body .fusion-builder-column-0{width:100% !important;order : 0;}.fusion-builder-column-0 > .fusion-column-wrapper {margin-right : 1.92%;margin-left : 1.92%;}}<\/style><\/div><style type=\"text\/css\">.fusion-body .fusion-flex-container.fusion-builder-row-1{ padding-top : 0px;margin-top : 0px;padding-right : 0px;padding-bottom : 0px;margin-bottom : 0px;padding-left : 0px;}<\/style><\/div><div class=\"fusion-fullwidth fullwidth-box fusion-builder-row-2 fusion-flex-container nonhundred-percent-fullwidth non-hundred-percent-height-scrolling\" style=\"background-color: rgba(255,255,255,0);background-position: center center;background-repeat: no-repeat;border-width: 0px 0px 0px 0px;border-color:#e2e2e2;border-style:solid;\" ><div class=\"fusion-builder-row fusion-row fusion-flex-align-items-flex-start\" style=\"max-width:1248px;margin-left: calc(-4% \/ 2 );margin-right: calc(-4% \/ 2 );\"><div class=\"fusion-layout-column fusion_builder_column fusion-builder-column-1 fusion_builder_column_1_1 1_1 fusion-flex-column\"><div class=\"fusion-column-wrapper fusion-flex-justify-content-flex-start fusion-content-layout-column\" style=\"background-position:left top;background-repeat:no-repeat;-webkit-background-size:cover;-moz-background-size:cover;-o-background-size:cover;background-size:cover;padding: 0px 0px 0px 0px;\"><div class=\"fusion-text fusion-text-2\"><p><b> Termin f\u00fcr dieses Jahr : 8. bis 12.06.  und 13. bis 18.07. 2026<\/b><\/p>\n<\/div><\/div><\/div><style type=\"text\/css\">.fusion-body .fusion-builder-column-1{width:100% !important;margin-top : 0px;margin-bottom : 20px;}.fusion-builder-column-1 > .fusion-column-wrapper {padding-top : 0px !important;padding-right : 0px !important;margin-right : 1.92%;padding-bottom : 0px !important;padding-left : 0px !important;margin-left : 1.92%;}@media only screen and (max-width:1024px) {.fusion-body .fusion-builder-column-1{width:100% !important;order : 0;}.fusion-builder-column-1 > .fusion-column-wrapper {margin-right : 1.92%;margin-left : 1.92%;}}@media only screen and (max-width:640px) {.fusion-body .fusion-builder-column-1{width:100% !important;order : 0;}.fusion-builder-column-1 > .fusion-column-wrapper {margin-right : 1.92%;margin-left : 1.92%;}}<\/style><\/div><style type=\"text\/css\">.fusion-body .fusion-flex-container.fusion-builder-row-2{ padding-top : 0px;margin-top : 0px;padding-right : 0px;padding-bottom : 0px;margin-bottom : 0px;padding-left : 0px;}<\/style><\/div><div class=\"fusion-fullwidth fullwidth-box fusion-builder-row-3 fusion-flex-container nonhundred-percent-fullwidth non-hundred-percent-height-scrolling\" style=\"background-color: rgba(255,255,255,0);background-position: center center;background-repeat: no-repeat;border-width: 0px 0px 0px 0px;border-color:#e2e2e2;border-style:solid;\" ><div class=\"fusion-builder-row fusion-row fusion-flex-align-items-flex-start\" style=\"max-width:1248px;margin-left: calc(-4% \/ 2 );margin-right: calc(-4% \/ 2 );\"><div class=\"fusion-layout-column fusion_builder_column fusion-builder-column-2 fusion_builder_column_1_1 1_1 fusion-flex-column\"><div class=\"fusion-column-wrapper fusion-flex-justify-content-flex-start fusion-content-layout-column\" style=\"background-position:left top;background-repeat:no-repeat;-webkit-background-size:cover;-moz-background-size:cover;-o-background-size:cover;background-size:cover;padding: 0px 0px 0px 0px;\"><div class=\"fusion-text fusion-text-3\"><p><span style=\"color: #000000;\"><span style=\"font-family: Arial, sans-serif;\"><span style=\"font-size: medium;\"><b>Der Ort<\/b><\/span><\/span><\/span><\/p>\n<p><span style=\"color: #000000;\"><span style=\"font-family: Arial, sans-serif;\"><span style=\"font-size: medium;\">Die Festungsstadt D\u00f6mitz im S\u00fcden Mecklenburgs ist ein Ort mit sichtbarer Geschichte im urspr\u00fcnglichen noch unverbrauchten Charme an der ehemaligen deutsch-deutschen Grenze in unmittelbarer Nachbarschaft zum Wendland.<\/span><\/span><\/span><\/p>\n<p><span style=\"color: #000000;\"><span style=\"font-family: Arial, sans-serif;\"><span style=\"font-size: medium;\">Angelehnt an Europas gr\u00f6\u00dfte Binnenwanderd\u00fcne mit ihrer sehenswerten Flora bettet sich D\u00f6mitz in die wunderbare Landschaft der Elbe, Elde und L\u00f6cknitz, mit Auenwiesen und W\u00e4ldern ein.<\/span><\/span><\/span><\/p>\n<p><span style=\"color: #000000;\"><span style=\"font-family: Arial, sans-serif;\"><span style=\"font-size: medium;\">D\u00f6mitz ist ein perfekter Ort, um kreatives Schaffen, Kulturerlebnis und Erholung miteinander zu verkn\u00fcpfen.<\/span><\/span><\/span><\/p>\n<p><span style=\"color: #000000;\"><span style=\"font-family: Arial, sans-serif;\"><span style=\"font-size: medium;\"><b>Der Kurs<\/b><\/span><\/span><\/span><\/p>\n<p><span style=\"background-color: rgba(255, 255, 255, 0); color: rgb(0, 0, 0); font-family: Arial, sans-serif; font-size: medium;\">ist f\u00fcr  Anf\u00e4nger*innen oder oder Fortgeschrittene geeignet und richtet sich an alle, die zeichnerische und malerische Grundlagen erlernen, auffrischen oder vertiefen m\u00f6chten. Jede\/r wird individuell gef\u00f6rdert.<\/span><\/p>\n<p><span style=\"color: #000000;\"><span style=\"font-family: Arial, sans-serif;\"><span style=\"font-size: medium;\">Wir arbeiten mit diversen Zeichen- und Malmaterialien wie Bleistift, Kohle, Pastell, Aquarell oder Acryl. (Es muss nicht alles vorhanden sein.)<\/span><\/span><\/span><\/p>\n<p><b>Inhalte sind:<\/b><\/p>\n<p><span style=\"color: #000000;\"><span style=\"font-family: Arial, sans-serif;\"><span style=\"font-size: medium;\"> Grundlagen des Zeichnens (Form erfassen, Licht und Schatten)<\/span><\/span><\/span><\/p>\n<p><span style=\"background-color: rgba(255, 255, 255, 0); color: rgb(0, 0, 0); font-family: Arial, sans-serif; font-size: medium;\"> Gestalterische Grundlagen und Ausdruckstechniken wie:  Komposition, Bildaufbau und Format, Malweisen und Farbkomposition, Licht und Schatten, Tiefenwirkung,       Form und   Struktur.<\/span><\/p>\n<p><span style=\"font-size: medium; font-family: Arial, sans-serif; color: rgb(0, 0, 0); background-color: rgba(255, 255, 255, 0);\"> Grundlagen des Portraitzeichnens (Proportionen, Ausdruck)<\/span><\/p>\n<p><span style=\"color: #000000;\"><span style=\"font-family: Arial, sans-serif;\"><span style=\"font-size: medium;\"><b>Arbeitsmaterial<\/b><\/span><\/span><\/span><\/p>\n<p><span style=\"color: #000000;\"><span style=\"font-family: Arial, sans-serif;\"><span style=\"font-size: medium;\">Ich empfehle folgende Materialien (wenn etwas fehlt, kann ich aushelfen)<\/span><\/span><\/span><\/p>\n<p><span style=\"color: #000000;\"><span style=\"font-family: Arial, sans-serif;\"><span style=\"font-size: medium;\"><u>Zeichnen: <\/u><\/span><\/span><\/span><\/p>\n<p><span style=\"color: #303336;\"><span style=\"font-family: Arial, sans-serif;\"><span style=\"font-size: medium;\">Zeichenblock DIN A4 oder A3 (Papier ab 100g), Bleistifte 2B \u2013 6B, Radiergummi, Knetradiergummi, Zeichenkohle oder Kohlestifte, Fineliner<\/span><\/span><\/span><\/p>\n<p><span style=\"color: #303336;\"><span style=\"font-family: Arial, sans-serif;\"><span style=\"font-size: medium;\"><u>Pastell:<\/u><\/span><\/span><\/span><\/p>\n<p><span style=\"color: #000000;\"><span style=\"font-family: Arial, sans-serif;\"><span style=\"font-size: medium;\"><span style=\"color: #303336;\">Soft-Pastellkreiden-Set <\/span>(z. B. von Rembrandt, Koh-I-Noor, Jaxell, Sennelier, Schminke, oder anderen Herstellern), strukturiertes Zeichenpapier ab 100g wei\u00df oder get\u00f6nt oder spezielles Pastellpapier<\/span><\/span><\/span><\/p>\n<p><span style=\"color: #000000;\"><span style=\"font-family: Arial, sans-serif;\"><span style=\"font-size: medium;\"><u>Aquarell,- und oder Acryl:<\/u><\/span><\/span><\/span><\/p>\n<p><span style=\"color: #000000;\"><span style=\"font-family: Arial, sans-serif;\"><span style=\"font-size: medium;\">(z. B. von Schminke, Lukas, Winsor&amp;Newton, Sennelier, White Nights oder anderen Herstellern), runde Aquarellpinsel gro\u00df und klein z.B. Nr. 2, 6 und 16\/26 oder \u00e4hnliches, Aquarellmalblock ab 300 g\/qm in einer Wunschgr\u00f6\u00dfe zwischen A4 und A3 (damit sich das Papier im nassen Zustand nicht wellt empfehlen wir Aquarellbl\u00f6cke mit vierseitig geleimtem Papier), alternativ Kreppband oder Klammern, um das Papier zu befestigen.<\/span><\/span><\/span><\/p>\n<p><span style=\"color: #000000;\"><span style=\"font-family: Arial, sans-serif;\"><span style=\"font-size: medium;\"><b>Kursleitung<\/b><\/span><\/span><\/span><\/p>\n<p><span style=\"font-size: medium; font-family: Arial, sans-serif; color: rgb(0, 0, 0); background-color: rgba(255, 255, 255, 0); font-style: var(--body_typography-font-style,normal); font-weight: var(--body_typography-font-weight); letter-spacing: var(--body_typography-letter-spacing);\"> Petra Kraft, Absolventin der Freien Kunstschule K\u00f6ln, freischaffende K\u00fcnstlerin<\/span><\/p>\n<p><span style=\"color: #000000;\"><span style=\"font-family: Arial, sans-serif;\"><span style=\"font-size: medium;\"><b>Kursaufbau <\/b><\/span><\/span><\/span><\/p>\n<p><span style=\"color: #000000;\"><span style=\"font-family: Arial, sans-serif;\"><span style=\"font-size: medium;\">Mo : 9.00 Uhr &#8211; 12.00 Uhr 13.00 Uhr &#8211; 15.00 Uhr<\/span><\/span><\/span><\/p>\n<p><span style=\"color: #000000;\"><span style=\"font-family: Arial, sans-serif;\"><span style=\"font-size: medium;\">Die: 9.00 Uhr &#8211; 12.00 Uhr 13.00 Uhr &#8211; 15.00 Uhr<\/span><\/span><\/span><\/p>\n<p><span style=\"color: #000000;\"><span style=\"font-family: Arial, sans-serif;\"><span style=\"font-size: medium;\">Mi : 9.00 Uhr &#8211; 12.00 Uhr anschlie\u00dfend Exkursion<\/span><\/span><\/span><\/p>\n<p><span style=\"color: #000000;\"><span style=\"font-family: Arial, sans-serif;\"><span style=\"font-size: medium;\">Do: 9.00 Uhr &#8211; 12.00 Uhr 13.00 Uhr &#8211; 15.00 Uhr <\/span><\/span><\/span><\/p>\n<p><span style=\"color: #000000;\"><span style=\"font-family: Arial, sans-serif;\"><span style=\"font-size: medium;\">Fr: 10.00 Uhr &#8211; 12.00 Uhr 13.30 Uhr Aufbau , <\/span><\/span><\/span><\/p>\n<p><span style=\"color: #000000;\"> <span style=\"font-family: Arial, sans-serif;\"><span style=\"font-size: medium;\">15.00 Uhr Vernissage<\/span><\/span><\/span><\/p>\n<p><span style=\"color: #000000;\"><span style=\"font-family: Arial, sans-serif;\"><span style=\"font-size: medium;\">In der Mittagspause gibt es in unserem Atelier  einen Imbiss.<\/span><\/span><\/span><\/p>\n<p><span style=\"color: #000000;\"><span style=\"font-family: Arial, sans-serif;\"><span style=\"font-size: medium;\"><b>Kursgeb\u00fchren <\/b> <b>540,00 \u20ac <\/b><\/span><\/span><\/span><\/p>\n<p><span style=\"color: #000000;\"><span style=\"font-family: Arial, sans-serif;\"><span style=\"font-size: medium;\">darin enthalten: Kursgeb\u00fchr , Mittagsimbiss, Vernissage<\/span><\/span><\/span><\/p>\n<p><span style=\"color: #000000;\"><span style=\"font-family: Arial, sans-serif;\"><span style=\"font-size: medium;\">Die Exkursion ist ein zus\u00e4tzliches freiwilliges Angebot zur Erkundung der Umgebung entweder vom Wasser aus oder zu Fu\u00df w\u00e4hrend einer F\u00fchrung durch das Biosph\u00e4renreservat, das individuell gebucht werden kann.<\/span><\/span><\/span><\/p>\n<p><span style=\"color: #000000;\"><span style=\"font-family: Arial, sans-serif;\"><span style=\"font-size: medium;\">Der Kurs findet statt ab einer Kursgr\u00f6\u00dfe von 4 Teilnehmern und ist auf 6 Teilnehmer begrenzt.<\/span><\/span><\/span><\/p>\n<p><span style=\"color: #000000;\"><span style=\"font-family: Arial, sans-serif;\"><span style=\"font-size: medium;\"><b>Unterk\u00fcnfte<\/b><\/span><\/span><\/span><\/p>\n<p><span style=\"color: #000000;\"><span style=\"font-family: Arial, sans-serif;\"><span style=\"font-size: medium;\">Da D\u00f6mitz ein interessantes Ziel auf dem Elberadweg und dem \u201eGr\u00fcnen Band\u201c ist, stehen in unmittelbarer Umgebung verschiedene \u00dcbernachtungsm\u00f6glichkeiten zur Verf\u00fcgung, wie Radlerpensionen, Hotels oder auch einen Campingplatz, die individuell gebucht werden k\u00f6nnen.<\/span><\/span><\/span><\/p>\n<p><b style=\"font-size: medium; font-family: Arial, sans-serif; color: rgb(33, 41, 52); background-color: rgba(255, 255, 255, 0);\">Teilnahmebedingungen<\/b><\/p>\n<p style=\"--fontSize:54; line-height: 1.16;\"><b style=\"font-size: medium; font-family: Arial, sans-serif; color: rgb(0, 0, 0); background-color: rgba(255, 255, 255, 0);\">Anmeldung<\/b><\/p>\n<p><a name=\"u16800-82\"><\/a> <span style=\"color: #000000;\"><span style=\"font-family: Arial, sans-serif;\"><span style=\"font-size: medium;\">Die Anmeldung f\u00fcr die Kurse erfolgt schriftlich per Post oder per E-Mail (Scan mit Unterschrift) mit dem Anmeldeformular. Mit der Anmeldung werden die Allgemeinen Gesch\u00e4ftsbedingungen und die Hausordnung der Kursorte anerkannt. Der Anspruch auf einen Kursplatz beginnt erst bei Begleichung der Kursgeb\u00fchr vor Kursbeginn. Anmeldungen werden nur vollst\u00e4ndig und in der Reihenfolge des Eingangs der Geb\u00fchr bearbeitet. Sofern die maximale Teilnehmerzahl erreicht ist, besteht kein Anspruch auf Kursteilnahme. Nach Eingang der Kursgeb\u00fchr erhalten sie von uns eine Teilnahmebest\u00e4tigung per Post oder E-mail.<\/span><\/span><\/span><\/p>\n<h3 class=\"western fusion-responsive-typography-calculated\" data-fontsize=\"32\" data-lineheight=\"41.6px\" style=\"--fontSize:32; line-height: 1.3;\"><a name=\"u16800-85\"><\/a> <span style=\"color: #000000;\"><span style=\"font-family: Arial, sans-serif;\"><span style=\"font-size: medium;\"><b>Zahlungsbedingungen und Teilnahme<\/b><\/span><\/span><\/span><\/h3>\n<p><a name=\"u16800-87\"><\/a> <span style=\"color: #000000;\"><span style=\"font-family: Arial, sans-serif;\"><span style=\"font-size: medium;\">Die Kursgeb\u00fchr ist bargeldlos (per \u00dcberweisung) auf folgendes Konto zu \u00fcberweisen. <\/span><\/span><\/span><\/p>\n<p><span style=\"color: #000000;\"><span style=\"font-family: Arial, sans-serif;\"><span style=\"font-size: medium;\">VR PLUS Altmark- Wendland eG, IBAN: DE92 2586 3489 3401 2958 00 ;  Verwendungszweck : Sommerakademie 25.<\/span><\/span><\/span><\/p>\n<p><a name=\"u16800-91\"><\/a> <span style=\"color: #000000;\"><span style=\"font-family: Arial, sans-serif;\"><span style=\"font-size: medium;\"><b>R\u00fccktritt durch Sommerakademie Atelier Kraft<\/b><\/span><\/span><\/span><\/p>\n<p><a name=\"u16800-93\"><\/a> <span style=\"color: #000000;\"><span style=\"font-family: Arial, sans-serif;\"><span style=\"font-size: medium;\">Der Organisator der Sommerakademie kann bei mangelnder Beteiligung oder aus Gr\u00fcnden h\u00f6herer Gewalt den Kurs streichen bzw. abbrechen. In diesen F\u00e4llen werden die Kursgeb\u00fchren in voller H\u00f6he bzw. bei abgebrochenen Kursen anteilig erstattet. Bei Ausfall eines\/r Kursleiters\/-in ist der Organisator berechtigt einen gleichwertigen Ersatz zu stellen.<\/span><\/span><\/span><\/p>\n<p><a name=\"u16800-97\"><\/a> <span style=\"color: #000000;\"><span style=\"font-family: Arial, sans-serif;\"><span style=\"font-size: medium;\"><b>R\u00fccktritt durch Teilnehmer\/-in<\/b><\/span><\/span><\/span><\/p>\n<p><a name=\"u16800-99\"><\/a> <span style=\"color: #000000;\"><span style=\"font-family: Arial, sans-serif;\"><span style=\"font-size: medium;\">R\u00fccktrittserkl\u00e4rungen ben\u00f6tigen der Schriftform und sind nur bis 30 Tage vor Beginn der Sommerakademie m\u00f6glich. In diesem Fall wird lediglich eine Bearbeitungsgeb\u00fchr von 40,00 \u20ac f\u00e4llig. Bei kurzfristigeren Abmeldungen wird die Kursgeb\u00fchr f\u00e4llig, sofern der Kurs nicht mit auf der Warteliste vermerkten Interessent*innen besetzt werden kann. Danach oder bei R\u00fccktritt w\u00e4hrend des Kurses kann keine Kostenerstattung erfolgen. <\/span><\/span><\/span><\/p>\n<p><span style=\"color: #000000;\"><span style=\"font-family: Arial, sans-serif;\"><span style=\"font-size: medium;\"><b>Verhalten w\u00e4hrend der Sommerakademie<\/b><\/span><\/span><\/span><\/p>\n<p><a name=\"u16800-105\"><\/a> <span style=\"color: #000000;\"><span style=\"font-family: Arial, sans-serif;\"><span style=\"font-size: medium;\">Die Teilnehmer*innen der Sommerakademie unterliegen einer Sorgfaltspflicht. Sie verpflichten sich, die Einrichtungen und Werkzeuge sorgsam zu behandeln und eventuelle Sch\u00e4den an Einrichtungen oder Werkzeugen unverz\u00fcglich der Kursleitung zu melden. Bei vors\u00e4tzlichen oder grob fahrl\u00e4ssig entstandenen Besch\u00e4digungen kann Ersatz vom Verursacher verlangt werden.<\/span><\/span><\/span><\/p>\n<p><a name=\"u16800-108\"><\/a> <span style=\"color: #000000;\"><span style=\"font-family: Arial, sans-serif;\"><span style=\"font-size: medium;\"><b>Unfallversicherung und Haftung<\/b><\/span><\/span><\/span><\/p>\n<p><a name=\"u16800-110\"><\/a><a name=\"u16800-1101\"><\/a> <span style=\"color: #000000;\"><span style=\"font-family: Arial, sans-serif;\"><span style=\"font-size: medium;\">W\u00e4hrend des Kurses und der im Rahmen des Kurses durchgef\u00fchrten Exkursionen und Veranstaltungen sind die Teilnehmerinnen und Teilnehmer nicht unfallversichert. Der Organisator haftet nicht f\u00fcr abhanden gekommene Gegenst\u00e4nde jeglicher Art. Ausf\u00fchrungen und Ausk\u00fcnfte der Kursleitenden dienen ausschlie\u00dflich der unmittelbar Kursdurchf\u00fchrung oder Veranstaltung, aus ihnen k\u00f6nnen keine Haftungsanspr\u00fcche abgeleitet werden. Die Kursteilnehmer*innen sind verpflichtet , im Falle einer St\u00f6rung oder eine Ungl\u00fccksfalls alles ihnen Zumutbare zu tun, um zu einer Behebung des Schadens oder der St\u00f6rung beizutragen. Die Haftung des Organisatoren beschr\u00e4nkt sich auf grobe Fahrl\u00e4ssigkeit und Vorsatz.<\/span><\/span><\/span><\/p>\n<h3 class=\"western fusion-responsive-typography-calculated\" data-fontsize=\"32\" data-lineheight=\"41.6px\" style=\"--fontSize:32; line-height: 1.3;\"><a name=\"u16800-120\"><\/a> <span style=\"color: #000000;\"><span style=\"font-family: Arial, sans-serif;\"><span style=\"font-size: medium;\"><b>G\u00fcltigkeit<\/b><\/span><\/span><\/span><\/h3>\n<p><a name=\"u16800-122\"><\/a> <span style=\"color: #000000;\"><span style=\"font-family: Arial, sans-serif;\"><span style=\"font-size: medium;\">Diese AGB sind mit Wirkung zum 1.8.2023 g\u00fcltig, m\u00fcndliche Nebenabsprachen bed\u00fcrfen der schriftlichen Zustimmung der Leitung der Sommerakademie. Die Wirksamkeit der AGB sind dabei in ihrer G\u00e4nze nicht ber\u00fchrt.<\/span><\/span><\/span><\/p>\n<p><span style=\"color: #000000;\"><span style=\"font-family: Arial, sans-serif;\"><span style=\"font-size: medium;\">Gerichtsstand ist Ludwigslust<\/span><\/span><\/span><\/p>\n<\/div><\/div><\/div><style type=\"text\/css\">.fusion-body .fusion-builder-column-2{width:100% !important;margin-top : 0px;margin-bottom : 20px;}.fusion-builder-column-2 > .fusion-column-wrapper {padding-top : 0px !important;padding-right : 0px !important;margin-right : 1.92%;padding-bottom : 0px !important;padding-left : 0px !important;margin-left : 1.92%;}@media only screen and (max-width:1024px) {.fusion-body .fusion-builder-column-2{width:100% !important;order : 0;}.fusion-builder-column-2 > .fusion-column-wrapper {margin-right : 1.92%;margin-left : 1.92%;}}@media only screen and (max-width:640px) {.fusion-body .fusion-builder-column-2{width:100% !important;order : 0;}.fusion-builder-column-2 > .fusion-column-wrapper {margin-right : 1.92%;margin-left : 1.92%;}}<\/style><\/div><style type=\"text\/css\">.fusion-body .fusion-flex-container.fusion-builder-row-3{ padding-top : 0px;margin-top : 0px;padding-right : 0px;padding-bottom : 0px;margin-bottom : 0px;padding-left : 0px;}<\/style><\/div><div class=\"fusion-fullwidth fullwidth-box fusion-builder-row-4 fusion-flex-container nonhundred-percent-fullwidth non-hundred-percent-height-scrolling\" style=\"background-color: rgba(255,255,255,0);background-position: center center;background-repeat: no-repeat;border-width: 0px 0px 0px 0px;border-color:#e2e2e2;border-style:solid;\" ><div class=\"fusion-builder-row fusion-row fusion-flex-align-items-flex-start\" style=\"max-width:1248px;margin-left: calc(-4% \/ 2 );margin-right: calc(-4% \/ 2 );\"><div class=\"fusion-layout-column fusion_builder_column fusion-builder-column-3 fusion_builder_column_1_2 1_2 fusion-flex-column\"><div class=\"fusion-column-wrapper fusion-flex-justify-content-flex-start fusion-content-layout-column\" style=\"background-position:left top;background-repeat:no-repeat;-webkit-background-size:cover;-moz-background-size:cover;-o-background-size:cover;background-size:cover;padding: 0px 0px 0px 0px;\"><\/div><\/div><style type=\"text\/css\">.fusion-body .fusion-builder-column-3{width:50% !important;margin-top : 0px;margin-bottom : 20px;}.fusion-builder-column-3 > .fusion-column-wrapper {padding-top : 0px !important;padding-right : 0px !important;margin-right : 3.84%;padding-bottom : 0px !important;padding-left : 0px !important;margin-left : 3.84%;}@media only screen and (max-width:1024px) {.fusion-body .fusion-builder-column-3{width:100% !important;order : 0;}.fusion-builder-column-3 > .fusion-column-wrapper {margin-right : 1.92%;margin-left : 1.92%;}}@media only screen and (max-width:640px) {.fusion-body .fusion-builder-column-3{width:100% !important;order : 0;}.fusion-builder-column-3 > .fusion-column-wrapper {margin-right : 1.92%;margin-left : 1.92%;}}<\/style><div class=\"fusion-layout-column fusion_builder_column fusion-builder-column-4 fusion_builder_column_1_2 1_2 fusion-flex-column\"><div class=\"fusion-column-wrapper fusion-flex-justify-content-flex-start fusion-content-layout-column\" style=\"background-position:left top;background-repeat:no-repeat;-webkit-background-size:cover;-moz-background-size:cover;-o-background-size:cover;background-size:cover;padding: 0px 0px 0px 0px;\"><\/div><\/div><style type=\"text\/css\">.fusion-body .fusion-builder-column-4{width:50% !important;margin-top : 0px;margin-bottom : 20px;}.fusion-builder-column-4 > .fusion-column-wrapper {padding-top : 0px !important;padding-right : 0px !important;margin-right : 3.84%;padding-bottom : 0px !important;padding-left : 0px !important;margin-left : 3.84%;}@media only screen and (max-width:1024px) {.fusion-body .fusion-builder-column-4{width:100% !important;order : 0;}.fusion-builder-column-4 > .fusion-column-wrapper {margin-right : 1.92%;margin-left : 1.92%;}}@media only screen and (max-width:640px) {.fusion-body .fusion-builder-column-4{width:100% !important;order : 0;}.fusion-builder-column-4 > .fusion-column-wrapper {margin-right : 1.92%;margin-left : 1.92%;}}<\/style><\/div><style type=\"text\/css\">.fusion-body .fusion-flex-container.fusion-builder-row-4{ padding-top : 0px;margin-top : 0px;padding-right : 0px;padding-bottom : 0px;margin-bottom : 0px;padding-left : 0px;}<\/style><\/div><\/p>\n","protected":false},"excerpt":{"rendered":"","protected":false},"author":1,"featured_media":0,"parent":0,"menu_order":0,"comment_status":"closed","ping_status":"closed","template":"","meta":{"footnotes":""},"class_list":["post-17","page","type-page","status-publish","hentry"],"_links":{"self":[{"href":"https:\/\/atelier-kraft.de\/index.php?rest_route=\/wp\/v2\/pages\/17","targetHints":{"allow":["GET"]}}],"collection":[{"href":"https:\/\/atelier-kraft.de\/index.php?rest_route=\/wp\/v2\/pages"}],"about":[{"href":"https:\/\/atelier-kraft.de\/index.php?rest_route=\/wp\/v2\/types\/page"}],"author":[{"embeddable":true,"href":"https:\/\/atelier-kraft.de\/index.php?rest_route=\/wp\/v2\/users\/1"}],"replies":[{"embeddable":true,"href":"https:\/\/atelier-kraft.de\/index.php?rest_route=%2Fwp%2Fv2%2Fcomments&post=17"}],"version-history":[{"count":28,"href":"https:\/\/atelier-kraft.de\/index.php?rest_route=\/wp\/v2\/pages\/17\/revisions"}],"predecessor-version":[{"id":453,"href":"https:\/\/atelier-kraft.de\/index.php?rest_route=\/wp\/v2\/pages\/17\/revisions\/453"}],"wp:attachment":[{"href":"https:\/\/atelier-kraft.de\/index.php?rest_route=%2Fwp%2Fv2%2Fmedia&parent=17"}],"curies":[{"name":"wp","href":"https:\/\/api.w.org\/{rel}","templated":true}]}}